{"id":2,"date":"2025-10-15T07:37:26","date_gmt":"2025-10-15T07:37:26","guid":{"rendered":"https:\/\/naian.rkinformatika.online\/?page_id=2"},"modified":"2025-10-27T12:03:38","modified_gmt":"2025-10-27T12:03:38","slug":"inicio","status":"publish","type":"page","link":"https:\/\/naian.eus\/eu\/","title":{"rendered":"Hasiera"},"content":{"rendered":"\t\t<div data-elementor-type=\"wp-page\" data-elementor-id=\"2\" class=\"elementor elementor-2\" data-elementor-post-type=\"page\">\n\t\t\t\t\t\t<section class=\"elementor-section elementor-top-section elementor-element elementor-element-3487d5d elementor-section-boxed elementor-section-height-default elementor-section-height-default\" data-id=\"3487d5d\" data-element_type=\"section\" data-e-type=\"section\" data-settings=\"{&quot;background_background&quot;:&quot;slideshow&quot;,&quot;background_slideshow_gallery&quot;:[{&quot;id&quot;:119,&quot;url&quot;:&quot;https:\\\/\\\/naian.eus\\\/wp-content\\\/uploads\\\/2025\\\/10\\\/2151125219.jpg&quot;},{&quot;id&quot;:121,&quot;url&quot;:&quot;https:\\\/\\\/naian.eus\\\/wp-content\\\/uploads\\\/2025\\\/10\\\/23154.jpg&quot;},{&quot;id&quot;:124,&quot;url&quot;:&quot;https:\\\/\\\/naian.eus\\\/wp-content\\\/uploads\\\/2025\\\/10\\\/5006558.jpg&quot;}],&quot;background_slideshow_ken_burns&quot;:&quot;yes&quot;,&quot;background_slideshow_loop&quot;:&quot;yes&quot;,&quot;background_slideshow_slide_duration&quot;:5000,&quot;background_slideshow_slide_transition&quot;:&quot;fade&quot;,&quot;background_slideshow_transition_duration&quot;:500,&quot;background_slideshow_ken_burns_zoom_direction&quot;:&quot;in&quot;}\">\n\t\t\t\t\t\t\t<div class=\"elementor-background-overlay\"><\/div>\n\t\t\t\t\t\t\t<div class=\"elementor-container elementor-column-gap-default\">\n\t\t\t\t\t<div class=\"elementor-column elementor-col-100 elementor-top-column elementor-element elementor-element-f46be64\" data-id=\"f46be64\" data-element_type=\"column\" data-e-type=\"column\">\n\t\t\t<div class=\"elementor-widget-wrap elementor-element-populated\">\n\t\t\t\t\t\t<div class=\"elementor-element elementor-element-259d8bc elementor-invisible elementor-widget elementor-widget-heading\" data-id=\"259d8bc\" data-element_type=\"widget\" data-e-type=\"widget\" data-settings=\"{&quot;_animation&quot;:&quot;fadeIn&quot;,&quot;_animation_delay&quot;:50}\" data-widget_type=\"heading.default\">\n\t\t\t\t\t<h2 class=\"elementor-heading-title elementor-size-default\">NAIAN MUSIC EVENTS<\/h2>\t\t\t\t<\/div>\n\t\t\t\t<div class=\"elementor-element elementor-element-71cb4d4 elementor-widget elementor-widget-heading\" data-id=\"71cb4d4\" data-element_type=\"widget\" data-e-type=\"widget\" data-widget_type=\"heading.default\">\n\t\t\t\t\t<h2 class=\"elementor-heading-title elementor-size-default\">\u00a1La cultura es lo que nos mueve!<\/h2>\t\t\t\t<\/div>\n\t\t\t\t<div class=\"elementor-element elementor-element-7effba5 elementor-widget elementor-widget-button\" data-id=\"7effba5\" data-element_type=\"widget\" data-e-type=\"widget\" data-widget_type=\"button.default\">\n\t\t\t\t\t\t\t\t\t\t<a class=\"elementor-button elementor-button-link elementor-size-sm elementor-animation-float\" href=\"\/servicios\">\n\t\t\t\t\t\t<span class=\"elementor-button-content-wrapper\">\n\t\t\t\t\t\t\t\t\t<span class=\"elementor-button-text\">Servicios<\/span>\n\t\t\t\t\t<\/span>\n\t\t\t\t\t<\/a>\n\t\t\t\t\t\t\t\t<\/div>\n\t\t\t\t\t<\/div>\n\t\t<\/div>\n\t\t\t\t\t<\/div>\n\t\t<\/section>\n\t\t\t\t<section class=\"elementor-section elementor-top-section elementor-element elementor-element-4c953a6 elementor-section-boxed elementor-section-height-default elementor-section-height-default elementor-invisible\" data-id=\"4c953a6\" data-element_type=\"section\" data-e-type=\"section\" data-settings=\"{&quot;animation&quot;:&quot;fadeInRight&quot;}\">\n\t\t\t\t\t\t<div class=\"elementor-container elementor-column-gap-default\">\n\t\t\t\t\t<div class=\"elementor-column elementor-col-50 elementor-top-column elementor-element elementor-element-98f8641\" data-id=\"98f8641\" data-element_type=\"column\" data-e-type=\"column\">\n\t\t\t<div class=\"elementor-widget-wrap elementor-element-populated\">\n\t\t\t\t\t\t<div class=\"elementor-element elementor-element-e70f3e6 elementor-flip-box--effect-fade elementor-widget elementor-widget-flip-box\" data-id=\"e70f3e6\" data-element_type=\"widget\" data-e-type=\"widget\" data-widget_type=\"flip-box.default\">\n\t\t\t\t\t\t\t<div class=\"elementor-flip-box\" tabindex=\"0\">\n\t\t\t<div class=\"elementor-flip-box__layer elementor-flip-box__front\">\n\t\t\t\t<div class=\"elementor-flip-box__layer__overlay\">\n\t\t\t\t\t<div class=\"elementor-flip-box__layer__inner\">\n\t\t\t\t\t\t\n\t\t\t\t\t\t\n\t\t\t\t\t\t\t\t\t\t\t<\/div>\n\t\t\t\t<\/div>\n\t\t\t<\/div>\n\t\t\t<div class=\"elementor-flip-box__layer elementor-flip-box__back\">\n\t\t\t<div class=\"elementor-flip-box__layer__overlay\">\n\t\t\t\t<div class=\"elementor-flip-box__layer__inner\">\n\t\t\t\t\t\n\t\t\t\t\t\n\t\t\t\t\t\t\t\t<\/div>\n\t\t<\/div>\n\t\t<\/div>\n\t\t<\/div>\n\t\t\t\t\t\t<\/div>\n\t\t\t\t\t<\/div>\n\t\t<\/div>\n\t\t\t\t<div class=\"elementor-column elementor-col-50 elementor-top-column elementor-element elementor-element-d56cb55\" data-id=\"d56cb55\" data-element_type=\"column\" data-e-type=\"column\">\n\t\t\t<div class=\"elementor-widget-wrap elementor-element-populated\">\n\t\t\t\t\t\t<div class=\"elementor-element elementor-element-e61213a elementor-invisible elementor-widget elementor-widget-heading\" data-id=\"e61213a\" data-element_type=\"widget\" data-e-type=\"widget\" data-settings=\"{&quot;_animation&quot;:&quot;fadeIn&quot;,&quot;_animation_delay&quot;:50}\" data-widget_type=\"heading.default\">\n\t\t\t\t\t<h2 class=\"elementor-heading-title elementor-size-default\">bienvenidos<\/h2>\t\t\t\t<\/div>\n\t\t\t\t<div class=\"elementor-element elementor-element-691bf2b elementor-invisible elementor-widget elementor-widget-heading\" data-id=\"691bf2b\" data-element_type=\"widget\" data-e-type=\"widget\" data-settings=\"{&quot;_animation&quot;:&quot;fadeIn&quot;,&quot;_animation_delay&quot;:100}\" data-widget_type=\"heading.default\">\n\t\t\t\t\t<h2 class=\"elementor-heading-title elementor-size-default\">NAIAN Music Events<\/h2>\t\t\t\t<\/div>\n\t\t\t\t<div class=\"elementor-element elementor-element-e152e2d elementor-widget elementor-widget-text-editor\" data-id=\"e152e2d\" data-element_type=\"widget\" data-e-type=\"widget\" data-widget_type=\"text-editor.default\">\n\t\t\t\t\t\t\t\t\t<p>Dentro de las artes esc\u00e9nicas, la actividad principal de <strong>Naian Music<\/strong> se centra en la producci\u00f3n, organizaci\u00f3n, montaje e instalaci\u00f3n de una variedad de conciertos, congresos, convenciones y espect\u00e1culos, asegurando que cada evento sea \u00fanico y memorable. Nuestro compromiso es ofrecer una experiencia excepcional tanto para los artistas como para el p\u00fablico en cada ocasi\u00f3n.<\/p>\t\t\t\t\t\t\t\t<\/div>\n\t\t\t\t\t<\/div>\n\t\t<\/div>\n\t\t\t\t\t<\/div>\n\t\t<\/section>\n\t\t<div class=\"elementor-element elementor-element-700ef54 e-flex e-con-boxed e-con e-parent\" data-id=\"700ef54\" data-element_type=\"container\" data-e-type=\"container\" data-settings=\"{&quot;background_background&quot;:&quot;classic&quot;}\">\n\t\t\t\t\t<div class=\"e-con-inner\">\n\t\t\t\t<div class=\"elementor-element elementor-element-731c4f4 elementor-invisible elementor-widget elementor-widget-heading\" data-id=\"731c4f4\" data-element_type=\"widget\" data-e-type=\"widget\" data-settings=\"{&quot;_animation&quot;:&quot;fadeInRight&quot;,&quot;_animation_delay&quot;:100}\" data-widget_type=\"heading.default\">\n\t\t\t\t\t<h2 class=\"elementor-heading-title elementor-size-default\">\u00a1Equipos de sonidos y luces!<\/h2>\t\t\t\t<\/div>\n\t\t\t\t<div class=\"elementor-element elementor-element-b379616 elementor-widget elementor-widget-button\" data-id=\"b379616\" data-element_type=\"widget\" data-e-type=\"widget\" data-widget_type=\"button.default\">\n\t\t\t\t\t\t\t\t\t\t<a class=\"elementor-button elementor-button-link elementor-size-sm elementor-animation-float\" href=\"\/servicios\">\n\t\t\t\t\t\t<span class=\"elementor-button-content-wrapper\">\n\t\t\t\t\t\t\t\t\t<span class=\"elementor-button-text\">Servicios<\/span>\n\t\t\t\t\t<\/span>\n\t\t\t\t\t<\/a>\n\t\t\t\t\t\t\t\t<\/div>\n\t\t\t\t\t<\/div>\n\t\t\t\t<\/div>\n\t\t\t\t<section class=\"elementor-section elementor-top-section elementor-element elementor-element-c9ef1e9 elementor-section-boxed elementor-section-height-default elementor-section-height-default\" data-id=\"c9ef1e9\" data-element_type=\"section\" data-e-type=\"section\">\n\t\t\t\t\t\t<div class=\"elementor-container elementor-column-gap-default\">\n\t\t\t\t\t<div class=\"elementor-column elementor-col-50 elementor-top-column elementor-element elementor-element-5de9bcc\" data-id=\"5de9bcc\" data-element_type=\"column\" data-e-type=\"column\">\n\t\t\t<div class=\"elementor-widget-wrap elementor-element-populated\">\n\t\t\t\t\t\t<div class=\"elementor-element elementor-element-869e802 elementor-widget elementor-widget-spacer\" data-id=\"869e802\" data-element_type=\"widget\" data-e-type=\"widget\" data-widget_type=\"spacer.default\">\n\t\t\t\t\t\t\t<div class=\"elementor-spacer\">\n\t\t\t<div class=\"elementor-spacer-inner\"><\/div>\n\t\t<\/div>\n\t\t\t\t\t\t<\/div>\n\t\t\t\t<div class=\"elementor-element elementor-element-063f7fb elementor-invisible elementor-widget elementor-widget-heading\" data-id=\"063f7fb\" data-element_type=\"widget\" data-e-type=\"widget\" data-settings=\"{&quot;_animation&quot;:&quot;fadeIn&quot;,&quot;_animation_delay&quot;:50}\" data-widget_type=\"heading.default\">\n\t\t\t\t\t<h2 class=\"elementor-heading-title elementor-size-default\">HISTORIA<\/h2>\t\t\t\t<\/div>\n\t\t\t\t<div class=\"elementor-element elementor-element-15e6652 elementor-invisible elementor-widget elementor-widget-heading\" data-id=\"15e6652\" data-element_type=\"widget\" data-e-type=\"widget\" data-settings=\"{&quot;_animation&quot;:&quot;fadeIn&quot;,&quot;_animation_delay&quot;:100}\" data-widget_type=\"heading.default\">\n\t\t\t\t\t<h2 class=\"elementor-heading-title elementor-size-default\">Tarimas, pulseras y m\u00e1s<\/h2>\t\t\t\t<\/div>\n\t\t\t\t<div class=\"elementor-element elementor-element-7753136 elementor-widget elementor-widget-text-editor\" data-id=\"7753136\" data-element_type=\"widget\" data-e-type=\"widget\" data-widget_type=\"text-editor.default\">\n\t\t\t\t\t\t\t\t\t<p>Adem\u00e1s, llevamos con orgullo el management de romer\u00edas euskaldunes, grupos de folk y versiones, dedic\u00e1ndonos a promover y dar visibilidad a la rica y diversa cultura musical de nuestra regi\u00f3n, fomentando el talento local y ofreciendo oportunidades para que las agrupaciones se presenten ante audiencias m\u00e1s amplias.<\/p>\t\t\t\t\t\t\t\t<\/div>\n\t\t\t\t<div class=\"elementor-element elementor-element-d1f8b58 elementor-widget elementor-widget-button\" data-id=\"d1f8b58\" data-element_type=\"widget\" data-e-type=\"widget\" data-widget_type=\"button.default\">\n\t\t\t\t\t\t\t\t\t\t<a class=\"elementor-button elementor-button-link elementor-size-sm elementor-animation-float\" href=\"\/servicios\">\n\t\t\t\t\t\t<span class=\"elementor-button-content-wrapper\">\n\t\t\t\t\t\t\t\t\t<span class=\"elementor-button-text\">Servicios<\/span>\n\t\t\t\t\t<\/span>\n\t\t\t\t\t<\/a>\n\t\t\t\t\t\t\t\t<\/div>\n\t\t\t\t\t<\/div>\n\t\t<\/div>\n\t\t\t\t<div class=\"elementor-column elementor-col-50 elementor-top-column elementor-element elementor-element-67357d4\" data-id=\"67357d4\" data-element_type=\"column\" data-e-type=\"column\">\n\t\t\t<div class=\"elementor-widget-wrap elementor-element-populated\">\n\t\t\t\t\t\t<div class=\"elementor-element elementor-element-8922fa7 elementor-flip-box--effect-fade elementor-widget elementor-widget-flip-box\" data-id=\"8922fa7\" data-element_type=\"widget\" data-e-type=\"widget\" data-widget_type=\"flip-box.default\">\n\t\t\t\t\t\t\t<div class=\"elementor-flip-box\" tabindex=\"0\">\n\t\t\t<div class=\"elementor-flip-box__layer elementor-flip-box__front\">\n\t\t\t\t<div class=\"elementor-flip-box__layer__overlay\">\n\t\t\t\t\t<div class=\"elementor-flip-box__layer__inner\">\n\t\t\t\t\t\t\n\t\t\t\t\t\t\n\t\t\t\t\t\t\t\t\t\t\t<\/div>\n\t\t\t\t<\/div>\n\t\t\t<\/div>\n\t\t\t<div class=\"elementor-flip-box__layer elementor-flip-box__back\">\n\t\t\t<div class=\"elementor-flip-box__layer__overlay\">\n\t\t\t\t<div class=\"elementor-flip-box__layer__inner\">\n\t\t\t\t\t\n\t\t\t\t\t\n\t\t\t\t\t\t\t\t<\/div>\n\t\t<\/div>\n\t\t<\/div>\n\t\t<\/div>\n\t\t\t\t\t\t<\/div>\n\t\t\t\t\t<\/div>\n\t\t<\/div>\n\t\t\t\t\t<\/div>\n\t\t<\/section>\n\t\t\t\t<\/div>\n\t\t","protected":false},"excerpt":{"rendered":"<p>NAIAN MUSIC EVENTS \u00a1La cultura es lo que nos mueve! Servicios bienvenidos NAIAN Music Events Dentro de las artes esc\u00e9nicas, la actividad principal de Naian Music se centra en la producci\u00f3n, organizaci\u00f3n, montaje e instalaci\u00f3n de una variedad de conciertos, congresos, convenciones y espect\u00e1culos, asegurando que cada evento sea \u00fanico y memorable. Nuestro compromiso es [&hellip;]<\/p>\n","protected":false},"author":1,"featured_media":0,"parent":0,"menu_order":0,"comment_status":"closed","ping_status":"closed","template":"elementor_canvas","meta":{"footnotes":""},"class_list":["post-2","page","type-page","status-publish","hentry"],"yoast_head":"<!-- This site is optimized with the Yoast SEO plugin v27.3 - https:\/\/yoast.com\/product\/yoast-seo-wordpress\/ -->\n<title>Inicio - Naian Music Events<\/title>\n<meta name=\"robots\" content=\"index, follow, max-snippet:-1, max-image-preview:large, max-video-preview:-1\" \/>\n<link rel=\"canonical\" href=\"https:\/\/naian.eus\/eu\/\" \/>\n<meta property=\"og:locale\" content=\"en_US\" \/>\n<meta property=\"og:type\" content=\"article\" \/>\n<meta property=\"og:title\" content=\"Inicio - Naian Music Events\" \/>\n<meta property=\"og:description\" content=\"NAIAN MUSIC EVENTS \u00a1La cultura es lo que nos mueve! Servicios bienvenidos NAIAN Music Events Dentro de las artes esc\u00e9nicas, la actividad principal de Naian Music se centra en la producci\u00f3n, organizaci\u00f3n, montaje e instalaci\u00f3n de una variedad de conciertos, congresos, convenciones y espect\u00e1culos, asegurando que cada evento sea \u00fanico y memorable. Nuestro compromiso es [&hellip;]\" \/>\n<meta property=\"og:url\" content=\"https:\/\/naian.eus\/eu\/\" \/>\n<meta property=\"og:site_name\" content=\"Naian Music Events\" \/>\n<meta property=\"article:modified_time\" content=\"2025-10-27T12:03:38+00:00\" \/>\n<meta name=\"twitter:card\" content=\"summary_large_image\" \/>\n<meta name=\"twitter:label1\" content=\"Est. reading time\" \/>\n\t<meta name=\"twitter:data1\" content=\"1 minutua\" \/>\n<script type=\"application\/ld+json\" class=\"yoast-schema-graph\">{\"@context\":\"https:\\\/\\\/schema.org\",\"@graph\":[{\"@type\":\"WebPage\",\"@id\":\"https:\\\/\\\/naian.eus\\\/\",\"url\":\"https:\\\/\\\/naian.eus\\\/\",\"name\":\"Inicio - Naian Music Events\",\"isPartOf\":{\"@id\":\"https:\\\/\\\/naian.eus\\\/eu\\\/#website\"},\"datePublished\":\"2025-10-15T07:37:26+00:00\",\"dateModified\":\"2025-10-27T12:03:38+00:00\",\"breadcrumb\":{\"@id\":\"https:\\\/\\\/naian.eus\\\/#breadcrumb\"},\"inLanguage\":\"eu\",\"potentialAction\":[{\"@type\":\"ReadAction\",\"target\":[\"https:\\\/\\\/naian.eus\\\/\"]}]},{\"@type\":\"BreadcrumbList\",\"@id\":\"https:\\\/\\\/naian.eus\\\/#breadcrumb\",\"itemListElement\":[{\"@type\":\"ListItem\",\"position\":1,\"name\":\"Portada\",\"item\":\"https:\\\/\\\/naian.eus\\\/\"},{\"@type\":\"ListItem\",\"position\":2,\"name\":\"Inicio\"}]},{\"@type\":\"WebSite\",\"@id\":\"https:\\\/\\\/naian.eus\\\/eu\\\/#website\",\"url\":\"https:\\\/\\\/naian.eus\\\/eu\\\/\",\"name\":\"Naian Music Events\",\"description\":\"Naian Music Events\",\"publisher\":{\"@id\":\"https:\\\/\\\/naian.eus\\\/eu\\\/#organization\"},\"potentialAction\":[{\"@type\":\"SearchAction\",\"target\":{\"@type\":\"EntryPoint\",\"urlTemplate\":\"https:\\\/\\\/naian.eus\\\/eu\\\/?s={search_term_string}\"},\"query-input\":{\"@type\":\"PropertyValueSpecification\",\"valueRequired\":true,\"valueName\":\"search_term_string\"}}],\"inLanguage\":\"eu\"},{\"@type\":\"Organization\",\"@id\":\"https:\\\/\\\/naian.eus\\\/eu\\\/#organization\",\"name\":\"Naian Music Events\",\"url\":\"https:\\\/\\\/naian.eus\\\/eu\\\/\",\"logo\":{\"@type\":\"ImageObject\",\"inLanguage\":\"eu\",\"@id\":\"https:\\\/\\\/naian.eus\\\/eu\\\/#\\\/schema\\\/logo\\\/image\\\/\",\"url\":\"https:\\\/\\\/naian.eus\\\/wp-content\\\/uploads\\\/2025\\\/10\\\/B13920707-scaled.jpg\",\"contentUrl\":\"https:\\\/\\\/naian.eus\\\/wp-content\\\/uploads\\\/2025\\\/10\\\/B13920707-scaled.jpg\",\"width\":2560,\"height\":2560,\"caption\":\"Naian Music Events\"},\"image\":{\"@id\":\"https:\\\/\\\/naian.eus\\\/eu\\\/#\\\/schema\\\/logo\\\/image\\\/\"}}]}<\/script>\n<!-- \/ Yoast SEO plugin. -->","yoast_head_json":{"title":"Inicio - Naian Music Events","robots":{"index":"index","follow":"follow","max-snippet":"max-snippet:-1","max-image-preview":"max-image-preview:large","max-video-preview":"max-video-preview:-1"},"canonical":"https:\/\/naian.eus\/eu\/","og_locale":"en_US","og_type":"article","og_title":"Inicio - Naian Music Events","og_description":"NAIAN MUSIC EVENTS \u00a1La cultura es lo que nos mueve! Servicios bienvenidos NAIAN Music Events Dentro de las artes esc\u00e9nicas, la actividad principal de Naian Music se centra en la producci\u00f3n, organizaci\u00f3n, montaje e instalaci\u00f3n de una variedad de conciertos, congresos, convenciones y espect\u00e1culos, asegurando que cada evento sea \u00fanico y memorable. Nuestro compromiso es [&hellip;]","og_url":"https:\/\/naian.eus\/eu\/","og_site_name":"Naian Music Events","article_modified_time":"2025-10-27T12:03:38+00:00","twitter_card":"summary_large_image","twitter_misc":{"Est. reading time":"1 minutua"},"schema":{"@context":"https:\/\/schema.org","@graph":[{"@type":"WebPage","@id":"https:\/\/naian.eus\/","url":"https:\/\/naian.eus\/","name":"Inicio - Naian Music Events","isPartOf":{"@id":"https:\/\/naian.eus\/eu\/#website"},"datePublished":"2025-10-15T07:37:26+00:00","dateModified":"2025-10-27T12:03:38+00:00","breadcrumb":{"@id":"https:\/\/naian.eus\/#breadcrumb"},"inLanguage":"eu","potentialAction":[{"@type":"ReadAction","target":["https:\/\/naian.eus\/"]}]},{"@type":"BreadcrumbList","@id":"https:\/\/naian.eus\/#breadcrumb","itemListElement":[{"@type":"ListItem","position":1,"name":"Portada","item":"https:\/\/naian.eus\/"},{"@type":"ListItem","position":2,"name":"Inicio"}]},{"@type":"WebSite","@id":"https:\/\/naian.eus\/eu\/#website","url":"https:\/\/naian.eus\/eu\/","name":"Naian Music Events","description":"Naian Music Events","publisher":{"@id":"https:\/\/naian.eus\/eu\/#organization"},"potentialAction":[{"@type":"SearchAction","target":{"@type":"EntryPoint","urlTemplate":"https:\/\/naian.eus\/eu\/?s={search_term_string}"},"query-input":{"@type":"PropertyValueSpecification","valueRequired":true,"valueName":"search_term_string"}}],"inLanguage":"eu"},{"@type":"Organization","@id":"https:\/\/naian.eus\/eu\/#organization","name":"Naian Music Events","url":"https:\/\/naian.eus\/eu\/","logo":{"@type":"ImageObject","inLanguage":"eu","@id":"https:\/\/naian.eus\/eu\/#\/schema\/logo\/image\/","url":"https:\/\/naian.eus\/wp-content\/uploads\/2025\/10\/B13920707-scaled.jpg","contentUrl":"https:\/\/naian.eus\/wp-content\/uploads\/2025\/10\/B13920707-scaled.jpg","width":2560,"height":2560,"caption":"Naian Music Events"},"image":{"@id":"https:\/\/naian.eus\/eu\/#\/schema\/logo\/image\/"}}]}},"_links":{"self":[{"href":"https:\/\/naian.eus\/eu\/wp-json\/wp\/v2\/pages\/2","targetHints":{"allow":["GET"]}}],"collection":[{"href":"https:\/\/naian.eus\/eu\/wp-json\/wp\/v2\/pages"}],"about":[{"href":"https:\/\/naian.eus\/eu\/wp-json\/wp\/v2\/types\/page"}],"author":[{"embeddable":true,"href":"https:\/\/naian.eus\/eu\/wp-json\/wp\/v2\/users\/1"}],"replies":[{"embeddable":true,"href":"https:\/\/naian.eus\/eu\/wp-json\/wp\/v2\/comments?post=2"}],"version-history":[{"count":70,"href":"https:\/\/naian.eus\/eu\/wp-json\/wp\/v2\/pages\/2\/revisions"}],"predecessor-version":[{"id":525,"href":"https:\/\/naian.eus\/eu\/wp-json\/wp\/v2\/pages\/2\/revisions\/525"}],"wp:attachment":[{"href":"https:\/\/naian.eus\/eu\/wp-json\/wp\/v2\/media?parent=2"}],"curies":[{"name":"wp","href":"https:\/\/api.w.org\/{rel}","templated":true}]}}